{"id":1530,"date":"2025-06-04T14:34:33","date_gmt":"2025-06-04T14:34:33","guid":{"rendered":"https:\/\/www.ffxoffice.com.br\/?page_id=1530"},"modified":"2025-06-17T15:23:30","modified_gmt":"2025-06-17T15:23:30","slug":"servicos","status":"publish","type":"page","link":"https:\/\/www.ffxoffice.com.br\/en\/servicos\/","title":{"rendered":"Servi\u00e7os"},"content":{"rendered":"<p>[et_pb_section fb_built=&#8221;1&#8243; admin_label=&#8221;Header&#8221; _builder_version=&#8221;4.27.4&#8243; _module_preset=&#8221;default&#8221; background_color=&#8221;#007f62&#8243; background_image=&#8221;http:\/\/www.ffxoffice.com.br\/wp-content\/uploads\/2022\/10\/FFX_RGB_Textura-Branca_sem-fundo-1.png&#8221; position_origin_r=&#8221;bottom_left&#8221; collapsed=&#8221;off&#8221; global_colors_info=&#8221;{}&#8221;][et_pb_row column_structure=&#8221;3_5,2_5&#8243; _builder_version=&#8221;4.27.4&#8243; _module_preset=&#8221;default&#8221; position_origin_r=&#8221;bottom_right&#8221; global_colors_info=&#8221;{}&#8221;][et_pb_column type=&#8221;3_5&#8243; _builder_version=&#8221;4.27.4&#8243; _module_preset=&#8221;default&#8221; global_colors_info=&#8221;{}&#8221;][et_pb_text _builder_version=&#8221;4.27.4&#8243; _module_preset=&#8221;default&#8221; header_font=&#8221;Roboto|||on|||||&#8221; header_text_color=&#8221;#FFFFFF&#8221; header_font_size=&#8221;50px&#8221; background_color=&#8221;#007f62&#8243; header_text_shadow_style=&#8221;preset3&#8243; global_colors_info=&#8221;{}&#8221;]<\/p>\n<h1>Our Services<\/h1>\n<p>[\/et_pb_text][et_pb_text _builder_version=&#8221;4.27.4&#8243; _module_preset=&#8221;default&#8221; text_font=&#8221;Roboto||||||||&#8221; text_font_size=&#8221;17px&#8221; header_font=&#8221;Roboto||||||||&#8221; background_color=&#8221;#007f62&#8243; background_layout=&#8221;dark&#8221; width=&#8221;100%&#8221; max_width=&#8221;100%&#8221; custom_margin=&#8221;-12px||||false|false&#8221; text_text_shadow_style=&#8221;preset3&#8243; global_colors_info=&#8221;{}&#8221;]<\/p>\n<p><span class=\"relative -mx-px my-[-0.2rem] rounded px-px py-[0.2rem] transition-colors duration-100 ease-in-out\">Simplifying complex processes and connecting your company to the best opportunities.<\/span> <span class=\"relative -mx-px my-[-0.2rem] rounded px-px py-[0.2rem] transition-colors duration-100 ease-in-out\">Transparent and strategic, we are your partner in building solid and sustainable businesses.<\/span><\/p>\n<p>[\/et_pb_text][\/et_pb_column][et_pb_column type=&#8221;2_5&#8243; _builder_version=&#8221;4.27.4&#8243; _module_preset=&#8221;default&#8221; global_colors_info=&#8221;{}&#8221;][\/et_pb_column][\/et_pb_row][\/et_pb_section][et_pb_section fb_built=&#8221;1&#8243; admin_label=&#8221;Services&#8221; _builder_version=&#8221;4.27.4&#8243; _module_preset=&#8221;default&#8221; background_enable_color=&#8221;off&#8221; collapsed=&#8221;off&#8221; global_colors_info=&#8221;{}&#8221;][et_pb_row column_structure=&#8221;1_3,1_3,1_3&#8243; custom_padding_last_edited=&#8221;on|desktop&#8221; _builder_version=&#8221;4.27.4&#8243; _module_preset=&#8221;default&#8221; background_color=&#8221;#FFFFFF&#8221; max_width_tablet=&#8221;640px&#8221; max_width_phone=&#8221;640px&#8221; max_width_last_edited=&#8221;on|tablet&#8221; custom_padding_tablet=&#8221;||0px||false|false&#8221; custom_padding_phone=&#8221;||0px||false|false&#8221; global_colors_info=&#8221;{}&#8221;][et_pb_column type=&#8221;1_3&#8243; _builder_version=&#8221;4.27.4&#8243; _module_preset=&#8221;default&#8221; background_color=&#8221;#0580b9&#8243; custom_padding=&#8221;|20px|20px|20px|false|true&#8221; border_radii=&#8221;on|10px|10px|10px|10px&#8221; box_shadow_style=&#8221;preset1&#8243; box_shadow_color=&#8221;rgba(52,64,84,0.3)&#8221; global_colors_info=&#8221;{}&#8221;][et_pb_image src=&#8221;http:\/\/www.ffxoffice.com.br\/wp-content\/uploads\/2025\/06\/admin-ajax-removebg-preview.png&#8221; title_text=&#8221;admin-ajax-removebg-preview&#8221; _builder_version=&#8221;4.27.4&#8243; _module_preset=&#8221;default&#8221; background_color=&#8221;#FFFFFF&#8221; custom_margin=&#8221;|-20px||-20px|false|true&#8221; global_colors_info=&#8221;{}&#8221;][\/et_pb_image][et_pb_text _builder_version=&#8221;4.27.4&#8243; _module_preset=&#8221;df4795d3-63e7-447e-9a7f-02e487303429&#8243; text_font=&#8221;Source Sans Pro||||||||&#8221; text_font_size=&#8221;8px&#8221; header_font=&#8221;Roboto||||||||&#8221; header_font_size=&#8221;37px&#8221; header_5_font=&#8221;Roboto||||||||&#8221; header_5_text_color=&#8221;#FFFFFF&#8221; header_5_font_size=&#8221;25px&#8221; header_5_letter_spacing=&#8221;0px&#8221; header_5_line_height=&#8221;1em&#8221; global_colors_info=&#8221;{}&#8221;]<\/p>\n<h5>Regulatory Licenses<\/h5>\n<p>[\/et_pb_text][et_pb_text _builder_version=&#8221;4.27.4&#8243; _module_preset=&#8221;c0655491-ad90-40aa-bc41-433b9bb56c0e&#8221; text_font=&#8221;Roboto||||||||&#8221; text_text_color=&#8221;#FFFFFF&#8221; text_font_size=&#8221;15px&#8221; text_line_height=&#8221;1.4em&#8221; link_text_color=&#8221;#FFFFFF&#8221; global_colors_info=&#8221;{}&#8221;]<\/p>\n<p>We assist your company in obtaining essential licenses from the Central Bank of Brazil (BACEN) and the Brazilian Securities Commission (CVM), ensuring regulatory compliance and operational security.<\/p>\n<p>[\/et_pb_text][\/et_pb_column][et_pb_column type=&#8221;1_3&#8243; _builder_version=&#8221;4.27.4&#8243; _module_preset=&#8221;default&#8221; background_color=&#8221;#0580b9&#8243; custom_padding=&#8221;|20px|20px|20px|false|true&#8221; border_radii=&#8221;on|10px|10px|10px|10px&#8221; box_shadow_style=&#8221;preset1&#8243; box_shadow_color=&#8221;rgba(52,64,84,0.3)&#8221; global_colors_info=&#8221;{}&#8221;][et_pb_image src=&#8221;http:\/\/www.ffxoffice.com.br\/wp-content\/uploads\/2025\/06\/financial-planning-31-removebg-preview.png&#8221; title_text=&#8221;financial-planning-31-removebg-preview&#8221; _builder_version=&#8221;4.27.4&#8243; _module_preset=&#8221;default&#8221; background_color=&#8221;#FFFFFF&#8221; custom_margin=&#8221;|-20px||-20px|false|true&#8221; global_colors_info=&#8221;{}&#8221;][\/et_pb_image][et_pb_text _builder_version=&#8221;4.27.4&#8243; _module_preset=&#8221;df4795d3-63e7-447e-9a7f-02e487303429&#8243; header_5_font=&#8221;Roboto||||||||&#8221; header_5_text_color=&#8221;#FFFFFF&#8221; header_5_font_size=&#8221;25px&#8221; header_5_line_height=&#8221;1em&#8221; global_colors_info=&#8221;{}&#8221;]<\/p>\n<h5>Market Research<\/h5>\n<p>[\/et_pb_text][et_pb_text admin_label=&#8221;Text&#8221; _builder_version=&#8221;4.27.4&#8243; _module_preset=&#8221;c0655491-ad90-40aa-bc41-433b9bb56c0e&#8221; text_font=&#8221;Roboto||||||||&#8221; text_text_color=&#8221;#FFFFFF&#8221; text_font_size=&#8221;15px&#8221; text_line_height=&#8221;1.4em&#8221; link_text_color=&#8221;#FFFFFF&#8221; global_colors_info=&#8221;{}&#8221;]<\/p>\n<p data-start=\"672\" data-end=\"774\"><span class=\"relative -mx-px my-[-0.2rem] rounded px-px py-[0.2rem] transition-colors duration-100 ease-in-out\">We conduct in-depth analyses to identify the financial products with the highest traction in the domestic market, delivering strategic insights that guide your investment and expansion decisions.<\/span><\/p>\n<p>[\/et_pb_text][\/et_pb_column][et_pb_column type=&#8221;1_3&#8243; _builder_version=&#8221;4.27.4&#8243; _module_preset=&#8221;default&#8221; background_color=&#8221;#0580b9&#8243; custom_padding=&#8221;|20px|20px|20px|false|true&#8221; border_radii=&#8221;on|10px|10px|10px|10px&#8221; box_shadow_style=&#8221;preset1&#8243; box_shadow_color=&#8221;rgba(52,64,84,0.3)&#8221; global_colors_info=&#8221;{}&#8221;][et_pb_image src=&#8221;http:\/\/www.ffxoffice.com.br\/wp-content\/uploads\/2025\/06\/financial-planning-30-removebg-preview.png&#8221; title_text=&#8221;financial-planning-30-removebg-preview&#8221; _builder_version=&#8221;4.27.4&#8243; _module_preset=&#8221;default&#8221; background_color=&#8221;#FFFFFF&#8221; custom_margin=&#8221;|-20px||-20px|false|true&#8221; global_colors_info=&#8221;{}&#8221;][\/et_pb_image][et_pb_text _builder_version=&#8221;4.27.4&#8243; _module_preset=&#8221;df4795d3-63e7-447e-9a7f-02e487303429&#8243; header_5_font=&#8221;Roboto||||||||&#8221; header_5_text_color=&#8221;#FFFFFF&#8221; header_5_font_size=&#8221;25px&#8221; header_5_line_height=&#8221;1em&#8221; global_colors_info=&#8221;{}&#8221;]<\/p>\n<h5>Recruitment<\/h5>\n<p>[\/et_pb_text][et_pb_text _builder_version=&#8221;4.27.4&#8243; _module_preset=&#8221;c0655491-ad90-40aa-bc41-433b9bb56c0e&#8221; text_font=&#8221;Roboto||||||||&#8221; text_text_color=&#8221;#FFFFFF&#8221; text_font_size=&#8221;15px&#8221; text_line_height=&#8221;1.3em&#8221; link_text_color=&#8221;#FFFFFF&#8221; global_colors_info=&#8221;{}&#8221;]<\/p>\n<p data-start=\"776\" data-end=\"873\"><span class=\"relative -mx-px my-[-0.2rem] rounded px-px py-[0.2rem] transition-colors duration-100 ease-in-out\">We connect your business with top-tier professionals in the financial sector, matching the right talent to your specific needs to drive growth and improve operational efficiency.<\/span><\/p>\n<p>[\/et_pb_text][\/et_pb_column][\/et_pb_row][et_pb_row column_structure=&#8221;1_3,1_3,1_3&#8243; _builder_version=&#8221;4.27.4&#8243; _module_preset=&#8221;default&#8221; global_colors_info=&#8221;{}&#8221;][et_pb_column type=&#8221;1_3&#8243; _builder_version=&#8221;4.27.4&#8243; _module_preset=&#8221;default&#8221; background_color=&#8221;#0580b9&#8243; custom_padding=&#8221;|20px|20px|20px|false|true&#8221; border_radii=&#8221;on|10px|10px|10px|10px&#8221; box_shadow_style=&#8221;preset1&#8243; box_shadow_color=&#8221;rgba(52,64,84,0.3)&#8221; global_colors_info=&#8221;{}&#8221;][et_pb_image src=&#8221;http:\/\/www.ffxoffice.com.br\/wp-content\/uploads\/2025\/06\/financial-planning-29-removebg-preview.png&#8221; title_text=&#8221;financial-planning-29-removebg-preview&#8221; _builder_version=&#8221;4.27.4&#8243; _module_preset=&#8221;default&#8221; background_color=&#8221;#FFFFFF&#8221; custom_margin=&#8221;|-20px||-20px|false|true&#8221; global_colors_info=&#8221;{}&#8221;][\/et_pb_image][et_pb_text _builder_version=&#8221;4.27.4&#8243; _module_preset=&#8221;df4795d3-63e7-447e-9a7f-02e487303429&#8243; header_5_font=&#8221;Roboto||||||||&#8221; header_5_text_color=&#8221;#FFFFFF&#8221; header_5_font_size=&#8221;25px&#8221; header_5_letter_spacing=&#8221;0px&#8221; header_5_line_height=&#8221;1em&#8221; global_colors_info=&#8221;{}&#8221;]<\/p>\n<h5>Representation<\/h5>\n<p>[\/et_pb_text][et_pb_text _builder_version=&#8221;4.27.4&#8243; _module_preset=&#8221;c0655491-ad90-40aa-bc41-433b9bb56c0e&#8221; text_font=&#8221;Roboto||||||||&#8221; text_text_color=&#8221;#FFFFFF&#8221; text_font_size=&#8221;15px&#8221; text_line_height=&#8221;1.4em&#8221; link_text_color=&#8221;#FFFFFF&#8221; global_colors_info=&#8221;{}&#8221;]<\/p>\n<p data-start=\"875\" data-end=\"973\"><span class=\"relative -mx-px my-[-0.2rem] rounded px-px py-[0.2rem] transition-colors duration-100 ease-in-out\">We provide legal representation, power of attorney services, and fiscal address support, ensuring your company is properly represented and compliant with legal requirements.<\/span><\/p>\n<p>[\/et_pb_text][\/et_pb_column][et_pb_column type=&#8221;1_3&#8243; _builder_version=&#8221;4.27.4&#8243; _module_preset=&#8221;default&#8221; background_color=&#8221;#0580b9&#8243; custom_padding=&#8221;|20px|20px|20px|false|true&#8221; border_radii=&#8221;on|10px|10px|10px|10px&#8221; box_shadow_style=&#8221;preset1&#8243; box_shadow_color=&#8221;rgba(52,64,84,0.3)&#8221; global_colors_info=&#8221;{}&#8221;][et_pb_image src=&#8221;http:\/\/www.ffxoffice.com.br\/wp-content\/uploads\/2025\/06\/financial-planning-28.png&#8221; title_text=&#8221;financial-planning-28&#8243; _builder_version=&#8221;4.22.0&#8243; _module_preset=&#8221;default&#8221; custom_margin=&#8221;|-20px||-20px|false|true&#8221; global_colors_info=&#8221;{}&#8221;][\/et_pb_image][et_pb_text _builder_version=&#8221;4.27.4&#8243; _module_preset=&#8221;df4795d3-63e7-447e-9a7f-02e487303429&#8243; header_5_font=&#8221;Roboto||||||||&#8221; header_5_text_color=&#8221;#FFFFFF&#8221; header_5_font_size=&#8221;25px&#8221; header_5_letter_spacing=&#8221;0px&#8221; header_5_line_height=&#8221;1em&#8221; global_colors_info=&#8221;{}&#8221;]<\/p>\n<h5>Outsourcing<\/h5>\n<p>[\/et_pb_text][et_pb_text _builder_version=&#8221;4.27.4&#8243; _module_preset=&#8221;c0655491-ad90-40aa-bc41-433b9bb56c0e&#8221; text_font=&#8221;Roboto||||||||&#8221; text_text_color=&#8221;#FFFFFF&#8221; text_font_size=&#8221;15px&#8221; text_line_height=&#8221;1.4em&#8221; link_text_color=&#8221;#FFFFFF&#8221; global_colors_info=&#8221;{}&#8221;]<\/p>\n<p><span class=\"relative -mx-px my-[-0.2rem] rounded px-px py-[0.2rem] transition-colors duration-100 ease-in-out\">We manage operational processes related to onboarding and compliance, allowing your company to focus on strategic activities while we ensure efficiency and regulatory adherence in outsourced workflows.<\/span><\/p>\n<p>[\/et_pb_text][\/et_pb_column][et_pb_column type=&#8221;1_3&#8243; _builder_version=&#8221;4.27.4&#8243; _module_preset=&#8221;default&#8221; background_color=&#8221;#0580b9&#8243; custom_padding=&#8221;|20px|20px|20px|false|true&#8221; border_radii=&#8221;on|10px|10px|10px|10px&#8221; box_shadow_style=&#8221;preset1&#8243; box_shadow_color=&#8221;rgba(52,64,84,0.3)&#8221; global_colors_info=&#8221;{}&#8221;][et_pb_image src=&#8221;http:\/\/www.ffxoffice.com.br\/wp-content\/uploads\/2025\/06\/financial-planning-27-removebg-preview.png&#8221; title_text=&#8221;financial-planning-27-removebg-preview&#8221; _builder_version=&#8221;4.27.4&#8243; _module_preset=&#8221;default&#8221; background_color=&#8221;#FFFFFF&#8221; custom_margin=&#8221;|-20px||-20px|false|true&#8221; global_colors_info=&#8221;{}&#8221;][\/et_pb_image][et_pb_text _builder_version=&#8221;4.27.4&#8243; _module_preset=&#8221;df4795d3-63e7-447e-9a7f-02e487303429&#8243; header_5_font=&#8221;Roboto||||||||&#8221; header_5_text_color=&#8221;#FFFFFF&#8221; header_5_font_size=&#8221;25px&#8221; header_5_letter_spacing=&#8221;0px&#8221; header_5_line_height=&#8221;1em&#8221; global_colors_info=&#8221;{}&#8221;]<\/p>\n<h5>Technology<\/h5>\n<p>[\/et_pb_text][et_pb_text _builder_version=&#8221;4.27.4&#8243; _module_preset=&#8221;c0655491-ad90-40aa-bc41-433b9bb56c0e&#8221; text_font=&#8221;Roboto||||||||&#8221; text_text_color=&#8221;#FFFFFF&#8221; text_font_size=&#8221;15px&#8221; text_line_height=&#8221;1.4em&#8221; link_text_color=&#8221;#FFFFFF&#8221; global_colors_info=&#8221;{}&#8221;]<\/p>\n<p data-start=\"1115\" data-end=\"1210\"><span class=\"relative -mx-px my-[-0.2rem] rounded px-px py-[0.2rem] transition-colors duration-100 ease-in-out\">We develop custom systems and integrate your operations with financial institutions, optimizing workflows and delivering technological solutions tailored to the needs of the financial market.<\/span><\/p>\n<p>[\/et_pb_text][\/et_pb_column][\/et_pb_row][\/et_pb_section]<\/p>","protected":false},"excerpt":{"rendered":"<p>Nossos Servi\u00e7os Simplificamos processos complexos e conectar sua empresa \u00e0s melhores oportunidades. Transparentes e estrat\u00e9gicos, somos seu parceiro na constru\u00e7\u00e3o de neg\u00f3cios s\u00f3lidos e sustent\u00e1veis. Licen\u00e7a Reguladores Auxiliamos sua empresa na obten\u00e7\u00e3o de licen\u00e7as essenciais junto ao Banco Central (BACEN) e \u00e0 Comiss\u00e3o de Valores Mobili\u00e1rios (CVM), garantindo conformidade regulat\u00f3ria e seguran\u00e7a para suas&#8230;<\/p>","protected":false},"author":1,"featured_media":0,"parent":0,"menu_order":0,"comment_status":"closed","ping_status":"closed","template":"","meta":{"_et_pb_use_builder":"on","_et_pb_old_content":"","_et_gb_content_width":"","footnotes":""},"class_list":["post-1530","page","type-page","status-publish","hentry"],"yoast_head":"<!-- This site is optimized with the Yoast SEO plugin v27.4 - https:\/\/yoast.com\/product\/yoast-seo-wordpress\/ -->\n<title>Servi\u00e7os - FFX Office<\/title>\n<meta name=\"robots\" content=\"index, follow, max-snippet:-1, max-image-preview:large, max-video-preview:-1\" \/>\n<link rel=\"canonical\" href=\"https:\/\/www.ffxoffice.com.br\/en\/servicos\/\" \/>\n<meta property=\"og:locale\" content=\"en_US\" \/>\n<meta property=\"og:type\" content=\"article\" \/>\n<meta property=\"og:title\" content=\"Servi\u00e7os - FFX Office\" \/>\n<meta property=\"og:description\" content=\"Nossos Servi\u00e7os Simplificamos processos complexos e conectar sua empresa \u00e0s melhores oportunidades. Transparentes e estrat\u00e9gicos, somos seu parceiro na constru\u00e7\u00e3o de neg\u00f3cios s\u00f3lidos e sustent\u00e1veis. Licen\u00e7a Reguladores Auxiliamos sua empresa na obten\u00e7\u00e3o de licen\u00e7as essenciais junto ao Banco Central (BACEN) e \u00e0 Comiss\u00e3o de Valores Mobili\u00e1rios (CVM), garantindo conformidade regulat\u00f3ria e seguran\u00e7a para suas...\" \/>\n<meta property=\"og:url\" content=\"https:\/\/www.ffxoffice.com.br\/en\/servicos\/\" \/>\n<meta property=\"og:site_name\" content=\"FFX Office\" \/>\n<meta property=\"article:publisher\" content=\"https:\/\/www.facebook.com\/ffxoffice\/\" \/>\n<meta property=\"article:modified_time\" content=\"2025-06-17T15:23:30+00:00\" \/>\n<meta name=\"twitter:card\" content=\"summary_large_image\" \/>\n<meta name=\"twitter:label1\" content=\"Est. reading time\" \/>\n\t<meta name=\"twitter:data1\" content=\"3 minutes\" \/>\n<script type=\"application\/ld+json\" class=\"yoast-schema-graph\">{\"@context\":\"https:\\\/\\\/schema.org\",\"@graph\":[{\"@type\":\"WebPage\",\"@id\":\"https:\\\/\\\/www.ffxoffice.com.br\\\/servicos\\\/\",\"url\":\"https:\\\/\\\/www.ffxoffice.com.br\\\/servicos\\\/\",\"name\":\"Servi\u00e7os - FFX Office\",\"isPartOf\":{\"@id\":\"https:\\\/\\\/www.ffxoffice.com.br\\\/#website\"},\"datePublished\":\"2025-06-04T14:34:33+00:00\",\"dateModified\":\"2025-06-17T15:23:30+00:00\",\"breadcrumb\":{\"@id\":\"https:\\\/\\\/www.ffxoffice.com.br\\\/servicos\\\/#breadcrumb\"},\"inLanguage\":\"en-US\",\"potentialAction\":[{\"@type\":\"ReadAction\",\"target\":[\"https:\\\/\\\/www.ffxoffice.com.br\\\/servicos\\\/\"]}]},{\"@type\":\"BreadcrumbList\",\"@id\":\"https:\\\/\\\/www.ffxoffice.com.br\\\/servicos\\\/#breadcrumb\",\"itemListElement\":[{\"@type\":\"ListItem\",\"position\":1,\"name\":\"In\u00edcio\",\"item\":\"https:\\\/\\\/www.ffxoffice.com.br\\\/\"},{\"@type\":\"ListItem\",\"position\":2,\"name\":\"Servi\u00e7os\"}]},{\"@type\":\"WebSite\",\"@id\":\"https:\\\/\\\/www.ffxoffice.com.br\\\/#website\",\"url\":\"https:\\\/\\\/www.ffxoffice.com.br\\\/\",\"name\":\"FFX Office\",\"description\":\"\",\"publisher\":{\"@id\":\"https:\\\/\\\/www.ffxoffice.com.br\\\/#organization\"},\"potentialAction\":[{\"@type\":\"SearchAction\",\"target\":{\"@type\":\"EntryPoint\",\"urlTemplate\":\"https:\\\/\\\/www.ffxoffice.com.br\\\/?s={search_term_string}\"},\"query-input\":{\"@type\":\"PropertyValueSpecification\",\"valueRequired\":true,\"valueName\":\"search_term_string\"}}],\"inLanguage\":\"en-US\"},{\"@type\":\"Organization\",\"@id\":\"https:\\\/\\\/www.ffxoffice.com.br\\\/#organization\",\"name\":\"FFX Office\",\"url\":\"https:\\\/\\\/www.ffxoffice.com.br\\\/\",\"logo\":{\"@type\":\"ImageObject\",\"inLanguage\":\"en-US\",\"@id\":\"https:\\\/\\\/www.ffxoffice.com.br\\\/#\\\/schema\\\/logo\\\/image\\\/\",\"url\":\"https:\\\/\\\/www.ffxoffice.com.br\\\/wp-content\\\/uploads\\\/2022\\\/09\\\/cropped-logo-1-1.png\",\"contentUrl\":\"https:\\\/\\\/www.ffxoffice.com.br\\\/wp-content\\\/uploads\\\/2022\\\/09\\\/cropped-logo-1-1.png\",\"width\":100,\"height\":41,\"caption\":\"FFX Office\"},\"image\":{\"@id\":\"https:\\\/\\\/www.ffxoffice.com.br\\\/#\\\/schema\\\/logo\\\/image\\\/\"},\"sameAs\":[\"https:\\\/\\\/www.facebook.com\\\/ffxoffice\\\/\",\"https:\\\/\\\/www.instagram.com\\\/ffxoffice\\\/\",\"https:\\\/\\\/www.linkedin.com\\\/company\\\/ffxoffice\\\/\"]}]}<\/script>\n<!-- \/ Yoast SEO plugin. -->","yoast_head_json":{"title":"Servi\u00e7os - FFX Office","robots":{"index":"index","follow":"follow","max-snippet":"max-snippet:-1","max-image-preview":"max-image-preview:large","max-video-preview":"max-video-preview:-1"},"canonical":"https:\/\/www.ffxoffice.com.br\/en\/servicos\/","og_locale":"en_US","og_type":"article","og_title":"Servi\u00e7os - FFX Office","og_description":"Nossos Servi\u00e7os Simplificamos processos complexos e conectar sua empresa \u00e0s melhores oportunidades. Transparentes e estrat\u00e9gicos, somos seu parceiro na constru\u00e7\u00e3o de neg\u00f3cios s\u00f3lidos e sustent\u00e1veis. Licen\u00e7a Reguladores Auxiliamos sua empresa na obten\u00e7\u00e3o de licen\u00e7as essenciais junto ao Banco Central (BACEN) e \u00e0 Comiss\u00e3o de Valores Mobili\u00e1rios (CVM), garantindo conformidade regulat\u00f3ria e seguran\u00e7a para suas...","og_url":"https:\/\/www.ffxoffice.com.br\/en\/servicos\/","og_site_name":"FFX Office","article_publisher":"https:\/\/www.facebook.com\/ffxoffice\/","article_modified_time":"2025-06-17T15:23:30+00:00","twitter_card":"summary_large_image","twitter_misc":{"Est. reading time":"3 minutes"},"schema":{"@context":"https:\/\/schema.org","@graph":[{"@type":"WebPage","@id":"https:\/\/www.ffxoffice.com.br\/servicos\/","url":"https:\/\/www.ffxoffice.com.br\/servicos\/","name":"Servi\u00e7os - FFX Office","isPartOf":{"@id":"https:\/\/www.ffxoffice.com.br\/#website"},"datePublished":"2025-06-04T14:34:33+00:00","dateModified":"2025-06-17T15:23:30+00:00","breadcrumb":{"@id":"https:\/\/www.ffxoffice.com.br\/servicos\/#breadcrumb"},"inLanguage":"en-US","potentialAction":[{"@type":"ReadAction","target":["https:\/\/www.ffxoffice.com.br\/servicos\/"]}]},{"@type":"BreadcrumbList","@id":"https:\/\/www.ffxoffice.com.br\/servicos\/#breadcrumb","itemListElement":[{"@type":"ListItem","position":1,"name":"In\u00edcio","item":"https:\/\/www.ffxoffice.com.br\/"},{"@type":"ListItem","position":2,"name":"Servi\u00e7os"}]},{"@type":"WebSite","@id":"https:\/\/www.ffxoffice.com.br\/#website","url":"https:\/\/www.ffxoffice.com.br\/","name":"FFX Office","description":"","publisher":{"@id":"https:\/\/www.ffxoffice.com.br\/#organization"},"potentialAction":[{"@type":"SearchAction","target":{"@type":"EntryPoint","urlTemplate":"https:\/\/www.ffxoffice.com.br\/?s={search_term_string}"},"query-input":{"@type":"PropertyValueSpecification","valueRequired":true,"valueName":"search_term_string"}}],"inLanguage":"en-US"},{"@type":"Organization","@id":"https:\/\/www.ffxoffice.com.br\/#organization","name":"FFX Office","url":"https:\/\/www.ffxoffice.com.br\/","logo":{"@type":"ImageObject","inLanguage":"en-US","@id":"https:\/\/www.ffxoffice.com.br\/#\/schema\/logo\/image\/","url":"https:\/\/www.ffxoffice.com.br\/wp-content\/uploads\/2022\/09\/cropped-logo-1-1.png","contentUrl":"https:\/\/www.ffxoffice.com.br\/wp-content\/uploads\/2022\/09\/cropped-logo-1-1.png","width":100,"height":41,"caption":"FFX Office"},"image":{"@id":"https:\/\/www.ffxoffice.com.br\/#\/schema\/logo\/image\/"},"sameAs":["https:\/\/www.facebook.com\/ffxoffice\/","https:\/\/www.instagram.com\/ffxoffice\/","https:\/\/www.linkedin.com\/company\/ffxoffice\/"]}]}},"_links":{"self":[{"href":"https:\/\/www.ffxoffice.com.br\/en\/wp-json\/wp\/v2\/pages\/1530","targetHints":{"allow":["GET"]}}],"collection":[{"href":"https:\/\/www.ffxoffice.com.br\/en\/wp-json\/wp\/v2\/pages"}],"about":[{"href":"https:\/\/www.ffxoffice.com.br\/en\/wp-json\/wp\/v2\/types\/page"}],"author":[{"embeddable":true,"href":"https:\/\/www.ffxoffice.com.br\/en\/wp-json\/wp\/v2\/users\/1"}],"replies":[{"embeddable":true,"href":"https:\/\/www.ffxoffice.com.br\/en\/wp-json\/wp\/v2\/comments?post=1530"}],"version-history":[{"count":28,"href":"https:\/\/www.ffxoffice.com.br\/en\/wp-json\/wp\/v2\/pages\/1530\/revisions"}],"predecessor-version":[{"id":1667,"href":"https:\/\/www.ffxoffice.com.br\/en\/wp-json\/wp\/v2\/pages\/1530\/revisions\/1667"}],"wp:attachment":[{"href":"https:\/\/www.ffxoffice.com.br\/en\/wp-json\/wp\/v2\/media?parent=1530"}],"curies":[{"name":"wp","href":"https:\/\/api.w.org\/{rel}","templated":true}]}}