{"id":1503,"date":"2025-06-04T14:16:30","date_gmt":"2025-06-04T14:16:30","guid":{"rendered":"https:\/\/www.ffxoffice.com.br\/?page_id=1503"},"modified":"2025-06-17T15:08:15","modified_gmt":"2025-06-17T15:08:15","slug":"home","status":"publish","type":"page","link":"https:\/\/www.ffxoffice.com.br\/en\/","title":{"rendered":"Home"},"content":{"rendered":"<p>[et_pb_section fb_built=&#8221;1&#8243; padding_top_bottom_link_2=&#8221;false&#8221; padding_left_right_link_2=&#8221;false&#8221; _builder_version=&#8221;4.27.4&#8243; _module_preset=&#8221;default&#8221; background_color=&#8221;gcid-aca0a2e8-0de7-4ce9-88ea-510d38e23681&#8243; background_image=&#8221;http:\/\/www.ffxoffice.com.br\/wp-content\/uploads\/2022\/10\/FFX_RGB_Textura-Branca_sem-fundo-1.png&#8221; overflow-x=&#8221;hidden&#8221; overflow-y=&#8221;hidden&#8221; custom_padding=&#8221;6vw||6vw||true|false&#8221; background_last_edited=&#8221;on|phone&#8221; background_size_phone=&#8221;cover&#8221; background_position_phone=&#8221;center&#8221; collapsed=&#8221;off&#8221; global_colors_info=&#8221;{%22gcid-aca0a2e8-0de7-4ce9-88ea-510d38e23681%22:%91%22background_color%22%93}&#8221;][et_pb_row column_structure=&#8221;3_5,2_5&#8243; _builder_version=&#8221;4.27.4&#8243; _module_preset=&#8221;default&#8221; locked=&#8221;off&#8221; global_colors_info=&#8221;{}&#8221;][et_pb_column type=&#8221;3_5&#8243; _builder_version=&#8221;4.22.0&#8243; _module_preset=&#8221;default&#8221; global_colors_info=&#8221;{}&#8221;][et_pb_text _builder_version=&#8221;4.27.4&#8243; _module_preset=&#8221;7e64aa8d-104f-4db1-9bd1-e97d801e48d9&#8243; text_font=&#8221;Source Sans 3||||||||&#8221; text_text_color=&#8221;#FFFFFF&#8221; text_font_size=&#8221;12px&#8221; header_font=&#8221;Roboto|||on|||||&#8221; header_text_color=&#8221;gcid-b0afb9e7-00cb-4a3b-9bdf-e3137e7083ae&#8221; header_font_size=&#8221;50px&#8221; header_line_height=&#8221;1em&#8221; background_color=&#8221;#007f62&#8243; header_text_shadow_style=&#8221;preset3&#8243; inline_fonts=&#8221;Source Sans Pro,Roboto&#8221; global_colors_info=&#8221;{%22gcid-b0afb9e7-00cb-4a3b-9bdf-e3137e7083ae%22:%91%22header_text_color%22%93}&#8221;]<\/p>\n<h1><span style=\"font-family: Roboto;\"><strong><span style=\"color: #ffffff;\">YOUR IDEAS IN FINANCIAL PRODUCTS<\/span><\/strong><\/span><\/h1>\n<p>[\/et_pb_text][et_pb_text _builder_version=&#8221;4.27.4&#8243; _module_preset=&#8221;5d0e02f7-9eaf-4cff-8326-296fb8020ffd&#8221; text_font=&#8221;Roboto|500|||||||&#8221; text_text_color=&#8221;gcid-b0afb9e7-00cb-4a3b-9bdf-e3137e7083ae&#8221; text_font_size=&#8221;18px&#8221; text_line_height=&#8221;1.4em&#8221; header_font_size=&#8221;34px&#8221; background_color=&#8221;#007f62&#8243; custom_margin=&#8221;-1px||||false|false&#8221; custom_padding=&#8221;0px||13px||false|false&#8221; text_text_shadow_style=&#8221;preset3&#8243; locked=&#8221;off&#8221; global_colors_info=&#8221;{%22gcid-b0afb9e7-00cb-4a3b-9bdf-e3137e7083ae%22:%91%22text_text_color%22%93}&#8221;]<\/p>\n<p><span style=\"color: #ffffff;\">Specialists in developing national and international financial solutions, powered by technology.<\/span><\/p>\n<p>[\/et_pb_text][et_pb_button button_url=&#8221;https:\/\/wa.me\/5511972914531&#8243; url_new_window=&#8221;on&#8221; button_text=&#8221;Saiba mais&#8221; module_class=&#8221;btn-primary-ffx&#8221; _builder_version=&#8221;4.27.4&#8243; _module_preset=&#8221;4f3c383b-93b2-47cd-9770-c7d6381e1f23&#8243; button_bg_color=&#8221;#FFFFFF&#8221; custom_css_free_form=&#8221;.et-db #et-boc .et-l .et_pb_button_0.et_pb_button.btn-primary-ffx:hover {|| background-color: #0082bd !important;|| color: #fff !important;||}&#8221; locked=&#8221;off&#8221; global_colors_info=&#8221;{%22gcid-aca0a2e8-0de7-4ce9-88ea-510d38e23681%22:%91%22button_text_color%22%93}&#8221;][\/et_pb_button][\/et_pb_column][et_pb_column type=&#8221;2_5&#8243; _builder_version=&#8221;4.22.0&#8243; _module_preset=&#8221;default&#8221; global_colors_info=&#8221;{}&#8221;][\/et_pb_column][\/et_pb_row][\/et_pb_section][et_pb_section fb_built=&#8221;1&#8243; admin_label=&#8221;Services&#8221; _builder_version=&#8221;4.27.4&#8243; _module_preset=&#8221;default&#8221; background_enable_color=&#8221;off&#8221; locked=&#8221;off&#8221; collapsed=&#8221;off&#8221; global_colors_info=&#8221;{%22gcid-b0afb9e7-00cb-4a3b-9bdf-e3137e7083ae%22:%91%22background_color%22%93}&#8221;][et_pb_row column_structure=&#8221;3_5,2_5&#8243; custom_padding_last_edited=&#8221;on|desktop&#8221; disabled_on=&#8221;on|off|off&#8221; module_class=&#8221;row-comment-home&#8221; _builder_version=&#8221;4.27.4&#8243; _module_preset=&#8221;default&#8221; background_color=&#8221;gcid-aca0a2e8-0de7-4ce9-88ea-510d38e23681&#8243; max_width=&#8221;1280px&#8221; overflow-x=&#8221;visible&#8221; overflow-y=&#8221;visible&#8221; custom_padding=&#8221;60px|100px|60px|100px|true|true&#8221; custom_padding_tablet=&#8221;30px|30px|30px|30px|true|true&#8221; custom_padding_phone=&#8221;20px|20px|20px|20px|true|true&#8221; custom_css_free_form=&#8221;.row-comment-home{|| display: flex;|| align-items: center;||}&#8221; border_radii=&#8221;on|30px|30px|30px|30px&#8221; global_colors_info=&#8221;{%22gcid-aca0a2e8-0de7-4ce9-88ea-510d38e23681%22:%91%22background_color%22,%22background_color%22%93}&#8221;][et_pb_column type=&#8221;3_5&#8243; _builder_version=&#8221;4.27.4&#8243; _module_preset=&#8221;default&#8221; global_colors_info=&#8221;{}&#8221;][et_pb_text _builder_version=&#8221;4.27.4&#8243; _module_preset=&#8221;default&#8221; text_font=&#8221;Roboto||on||||||&#8221; text_text_color=&#8221;#FFFFFF&#8221; text_font_size=&#8221;22px&#8221; custom_margin=&#8221;||||false|false&#8221; global_colors_info=&#8221;{}&#8221;]<\/p>\n<p style=\"text-align: right;\">\u201cI believe financial innovation is the engine of sustainable growth.\nOur role is to empower fintechs to navigate Brazilian regulations with confidence and efficiency, turning challenges into real opportunities.\u201d<\/p>\n<p>[\/et_pb_text][\/et_pb_column][et_pb_column type=&#8221;2_5&#8243; _builder_version=&#8221;4.22.0&#8243; _module_preset=&#8221;default&#8221; global_colors_info=&#8221;{}&#8221;][et_pb_image src=&#8221;http:\/\/www.ffxoffice.com.br\/wp-content\/uploads\/2022\/09\/GD-300&#215;300-1.jpg&#8221; title_text=&#8221;GD-300&#215;300&#8243; url=&#8221;https:\/\/www.linkedin.com\/in\/gustavo-dias-a46bb029\/&#8221; url_new_window=&#8221;on&#8221; align=&#8221;center&#8221; _builder_version=&#8221;4.27.4&#8243; _module_preset=&#8221;default&#8221; border_radii=&#8221;on|170px|170px|170px|170px&#8221; global_colors_info=&#8221;{}&#8221;][\/et_pb_image][et_pb_text _builder_version=&#8221;4.27.4&#8243; _module_preset=&#8221;default&#8221; text_font=&#8221;Roboto||||||||&#8221; text_text_color=&#8221;#FFFFFF&#8221; text_font_size=&#8221;20px&#8221; custom_margin=&#8221;-10px||||false|false&#8221; global_colors_info=&#8221;{}&#8221;]<\/p>\n<p style=\"text-align: center;\"><strong>Gustavo Dias<\/strong><br \/>\nCEO<\/p>\n<p>[\/et_pb_text][\/et_pb_column][\/et_pb_row][et_pb_row custom_padding_last_edited=&#8221;on|desktop&#8221; disabled_on=&#8221;off|on|on&#8221; module_class=&#8221;row-comment-home&#8221; _builder_version=&#8221;4.27.4&#8243; _module_preset=&#8221;default&#8221; background_color=&#8221;gcid-aca0a2e8-0de7-4ce9-88ea-510d38e23681&#8243; max_width=&#8221;1280px&#8221; overflow-x=&#8221;visible&#8221; overflow-y=&#8221;visible&#8221; custom_padding=&#8221;60px|100px|60px|100px|true|true&#8221; custom_padding_tablet=&#8221;30px|30px|30px|30px|true|true&#8221; custom_padding_phone=&#8221;20px|20px|20px|20px|true|true&#8221; custom_css_free_form=&#8221;.row-comment-home{|| display: flex;|| align-items: center;||}&#8221; border_radii=&#8221;on|30px|30px|30px|30px&#8221; global_colors_info=&#8221;{%22gcid-aca0a2e8-0de7-4ce9-88ea-510d38e23681%22:%91%22background_color%22,%22background_color%22%93}&#8221;][et_pb_column type=&#8221;4_4&#8243; _builder_version=&#8221;4.27.4&#8243; _module_preset=&#8221;default&#8221; global_colors_info=&#8221;{}&#8221;][et_pb_image src=&#8221;http:\/\/www.ffxoffice.com.br\/wp-content\/uploads\/2022\/09\/GD-300&#215;300-1.jpg&#8221; title_text=&#8221;GD-300&#215;300&#8243; url=&#8221;https:\/\/www.linkedin.com\/in\/gustavo-dias-a46bb029\/&#8221; url_new_window=&#8221;on&#8221; align=&#8221;center&#8221; _builder_version=&#8221;4.27.4&#8243; _module_preset=&#8221;default&#8221; border_radii=&#8221;on|170px|170px|170px|170px&#8221; global_colors_info=&#8221;{}&#8221;][\/et_pb_image][et_pb_text _builder_version=&#8221;4.27.4&#8243; _module_preset=&#8221;default&#8221; text_font=&#8221;Roboto||||||||&#8221; text_text_color=&#8221;#FFFFFF&#8221; text_font_size=&#8221;20px&#8221; custom_margin=&#8221;-10px||||false|false&#8221; global_colors_info=&#8221;{}&#8221;]<\/p>\n<p style=\"text-align: center;\"><strong>Gustavo Dias<\/strong><br \/>\nCEO<\/p>\n<p>[\/et_pb_text][et_pb_text _builder_version=&#8221;4.27.4&#8243; _module_preset=&#8221;default&#8221; text_font=&#8221;Roboto||on||||||&#8221; text_text_color=&#8221;#FFFFFF&#8221; text_font_size=&#8221;22px&#8221; custom_margin=&#8221;||||false|false&#8221; global_colors_info=&#8221;{}&#8221;]<\/p>\n<p style=\"text-align: left;\">\u201cI believe financial innovation is the engine of sustainable growth.\nOur role is to empower fintechs to navigate Brazilian regulations with confidence and efficiency, turning challenges into real opportunities.\u201d<\/p>\n<p>[\/et_pb_text][\/et_pb_column][\/et_pb_row][\/et_pb_section][et_pb_section fb_built=&#8221;1&#8243; admin_label=&#8221;Feature&#8221; _builder_version=&#8221;4.27.4&#8243; _module_preset=&#8221;default&#8221; locked=&#8221;off&#8221; collapsed=&#8221;off&#8221; global_colors_info=&#8221;{}&#8221;][et_pb_row _builder_version=&#8221;4.27.4&#8243; _module_preset=&#8221;default&#8221; global_colors_info=&#8221;{}&#8221;][et_pb_column type=&#8221;4_4&#8243; _builder_version=&#8221;4.27.4&#8243; _module_preset=&#8221;default&#8221; global_colors_info=&#8221;{}&#8221;][et_pb_heading title=&#8221;NOSSA EQUIPE&#8221; _builder_version=&#8221;4.27.4&#8243; _module_preset=&#8221;default&#8221; title_font=&#8221;Roboto|700|||||||&#8221; title_text_align=&#8221;center&#8221; title_text_color=&#8221;#0082bd&#8221; title_font_size=&#8221;50px&#8221; title_font_size_tablet=&#8221;50px&#8221; title_font_size_phone=&#8221;39px&#8221; title_font_size_last_edited=&#8221;on|phone&#8221; global_colors_info=&#8221;{}&#8221;][\/et_pb_heading][\/et_pb_column][\/et_pb_row][et_pb_row column_structure=&#8221;1_4,1_4,1_4,1_4&#8243; _builder_version=&#8221;4.27.4&#8243; _module_preset=&#8221;default&#8221; global_colors_info=&#8221;{}&#8221;][et_pb_column type=&#8221;1_4&#8243; _builder_version=&#8221;4.27.4&#8243; _module_preset=&#8221;default&#8221; global_colors_info=&#8221;{}&#8221;][et_pb_image src=&#8221;http:\/\/www.ffxoffice.com.br\/wp-content\/uploads\/2022\/09\/DSC_8772-300&#215;300-1.jpeg&#8221; title_text=&#8221;DSC_8772-300&#215;300&#8243; url=&#8221;https:\/\/www.linkedin.com\/in\/mario-pina-b1b264a\/&#8221; url_new_window=&#8221;on&#8221; align=&#8221;center&#8221; _builder_version=&#8221;4.27.4&#8243; _module_preset=&#8221;default&#8221; border_radii=&#8221;on|20px|20px|20px|20px&#8221; global_colors_info=&#8221;{}&#8221;][\/et_pb_image][et_pb_text _builder_version=&#8221;4.27.4&#8243; _module_preset=&#8221;default&#8221; text_font=&#8221;Roboto||||||||&#8221; text_font_size=&#8221;20px&#8221; header_font=&#8221;Roboto||||||||&#8221; custom_margin=&#8221;-10px||||false|false&#8221; global_colors_info=&#8221;{}&#8221;]<\/p>\n<p style=\"text-align: center;\">Mario Pina<\/p>\n<p>[\/et_pb_text][\/et_pb_column][et_pb_column type=&#8221;1_4&#8243; _builder_version=&#8221;4.27.4&#8243; _module_preset=&#8221;default&#8221; global_colors_info=&#8221;{}&#8221;][et_pb_image src=&#8221;http:\/\/www.ffxoffice.com.br\/wp-content\/uploads\/2022\/09\/murillo_ferreira-300&#215;300-1.png&#8221; title_text=&#8221;murillo_ferreira-300&#215;300&#8243; url=&#8221;https:\/\/www.linkedin.com\/in\/murillo-ferreira-dias-17401278\/&#8221; url_new_window=&#8221;on&#8221; align=&#8221;center&#8221; _builder_version=&#8221;4.27.4&#8243; _module_preset=&#8221;default&#8221; border_radii=&#8221;on|20px|20px|20px|20px&#8221; global_colors_info=&#8221;{}&#8221;][\/et_pb_image][et_pb_text _builder_version=&#8221;4.27.4&#8243; _module_preset=&#8221;default&#8221; text_font=&#8221;Roboto||||||||&#8221; text_font_size=&#8221;20px&#8221; header_font=&#8221;Roboto||||||||&#8221; custom_margin=&#8221;-10px||||false|false&#8221; global_colors_info=&#8221;{}&#8221;]<\/p>\n<p style=\"text-align: center;\">Murillo Ferreira<\/p>\n<p>[\/et_pb_text][\/et_pb_column][et_pb_column type=&#8221;1_4&#8243; _builder_version=&#8221;4.27.4&#8243; _module_preset=&#8221;default&#8221; global_colors_info=&#8221;{}&#8221;][et_pb_image src=&#8221;http:\/\/www.ffxoffice.com.br\/wp-content\/uploads\/2022\/09\/DSC_8880-300&#215;300-1.jpeg&#8221; title_text=&#8221;DSC_8880-300&#215;300&#8243; url=&#8221;https:\/\/www.linkedin.com\/in\/antonio-bento-51b417114\/&#8221; url_new_window=&#8221;on&#8221; align=&#8221;center&#8221; _builder_version=&#8221;4.27.4&#8243; _module_preset=&#8221;default&#8221; border_radii=&#8221;on|20px|20px|20px|20px&#8221; global_colors_info=&#8221;{}&#8221;][\/et_pb_image][et_pb_text _builder_version=&#8221;4.27.4&#8243; _module_preset=&#8221;default&#8221; text_font=&#8221;Roboto||||||||&#8221; text_font_size=&#8221;20px&#8221; header_font=&#8221;Roboto||||||||&#8221; custom_margin=&#8221;-10px||||false|false&#8221; global_colors_info=&#8221;{}&#8221;]<\/p>\n<p style=\"text-align: center;\">Antonio Bento<\/p>\n<p>[\/et_pb_text][\/et_pb_column][et_pb_column type=&#8221;1_4&#8243; _builder_version=&#8221;4.27.4&#8243; _module_preset=&#8221;default&#8221; global_colors_info=&#8221;{}&#8221;][et_pb_image src=&#8221;http:\/\/www.ffxoffice.com.br\/wp-content\/uploads\/2025\/06\/AMORRRRRRRRRR.png&#8221; title_text=&#8221;AMORRRRRRRRRR&#8221; url=&#8221;https:\/\/www.linkedin.com\/in\/gustavo-baptista\/&#8221; url_new_window=&#8221;on&#8221; align=&#8221;center&#8221; _builder_version=&#8221;4.27.4&#8243; _module_preset=&#8221;default&#8221; width=&#8221;225.44px&#8221; max_width=&#8221;225.44px&#8221; min_height=&#8221;225.44px&#8221; height=&#8221;225.44px&#8221; max_height=&#8221;225.44px&#8221; border_radii=&#8221;on|20px|20px|20px|20px&#8221; global_colors_info=&#8221;{}&#8221;][\/et_pb_image][et_pb_text _builder_version=&#8221;4.27.4&#8243; _module_preset=&#8221;default&#8221; text_font=&#8221;Roboto||||||||&#8221; text_font_size=&#8221;20px&#8221; header_font=&#8221;Roboto||||||||&#8221; custom_margin=&#8221;-10px||||false|false&#8221; global_colors_info=&#8221;{}&#8221;]<\/p>\n<p style=\"text-align: center;\">Gustavo Baptista<\/p>\n<p>[\/et_pb_text][\/et_pb_column][\/et_pb_row][\/et_pb_section][et_pb_section fb_built=&#8221;1&#8243; _builder_version=&#8221;4.27.4&#8243; _module_preset=&#8221;default&#8221; collapsed=&#8221;on&#8221; global_colors_info=&#8221;{}&#8221;][et_pb_row _builder_version=&#8221;4.27.4&#8243; _module_preset=&#8221;default&#8221; global_colors_info=&#8221;{}&#8221;][et_pb_column type=&#8221;4_4&#8243; _builder_version=&#8221;4.27.4&#8243; _module_preset=&#8221;default&#8221; global_colors_info=&#8221;{}&#8221;][et_pb_text _builder_version=&#8221;4.27.4&#8243; _module_preset=&#8221;9a476373-a238-43dd-8c9a-a6067a60bf91&#8243; text_text_color=&#8221;#0082bd&#8221; header_font=&#8221;Roboto|700|||||||&#8221; header_text_align=&#8221;center&#8221; header_font_size=&#8221;50px&#8221; header_2_font=&#8221;Roboto|700||||on|||&#8221; header_2_text_color=&#8221;#0082bd&#8221; header_2_font_size=&#8221;50px&#8221; text_orientation=&#8221;center&#8221; header_font_size_tablet=&#8221;50px&#8221; header_font_size_phone=&#8221;38px&#8221; header_font_size_last_edited=&#8221;on|tablet&#8221; global_colors_info=&#8221;{}&#8221;]<\/p>\n<h1>TRUSTED BY<\/h1>\n<p>[\/et_pb_text][\/et_pb_column][\/et_pb_row][et_pb_row column_structure=&#8221;1_5,1_5,1_5,1_5,1_5&#8243; _builder_version=&#8221;4.27.4&#8243; _module_preset=&#8221;default&#8221; global_colors_info=&#8221;{}&#8221;][et_pb_column type=&#8221;1_5&#8243; _builder_version=&#8221;4.27.4&#8243; _module_preset=&#8221;default&#8221; global_colors_info=&#8221;{}&#8221;][et_pb_image src=&#8221;http:\/\/www.ffxoffice.com.br\/wp-content\/uploads\/2023\/04\/8.png&#8221; title_text=&#8221;8&#8243; _builder_version=&#8221;4.27.4&#8243; _module_preset=&#8221;default&#8221; filter_saturate=&#8221;0%&#8221; hover_enabled=&#8221;0&#8243; global_colors_info=&#8221;{}&#8221; sticky_enabled=&#8221;0&#8243;][\/et_pb_image][\/et_pb_column][et_pb_column type=&#8221;1_5&#8243; _builder_version=&#8221;4.27.4&#8243; _module_preset=&#8221;default&#8221; global_colors_info=&#8221;{}&#8221;][et_pb_image src=&#8221;http:\/\/www.ffxoffice.com.br\/wp-content\/uploads\/2023\/04\/5.png&#8221; title_text=&#8221;5&#8243; _builder_version=&#8221;4.27.4&#8243; _module_preset=&#8221;default&#8221; width=&#8221;114%&#8221; module_alignment=&#8221;center&#8221; filter_saturate=&#8221;0%&#8221; global_colors_info=&#8221;{}&#8221;][\/et_pb_image][\/et_pb_column][et_pb_column type=&#8221;1_5&#8243; _builder_version=&#8221;4.27.4&#8243; _module_preset=&#8221;default&#8221; global_colors_info=&#8221;{}&#8221;][et_pb_image src=&#8221;http:\/\/www.ffxoffice.com.br\/wp-content\/uploads\/2023\/07\/9.png&#8221; title_text=&#8221;9&#8243; _builder_version=&#8221;4.27.4&#8243; _module_preset=&#8221;default&#8221; width=&#8221;140%&#8221; filter_saturate=&#8221;0%&#8221; global_colors_info=&#8221;{}&#8221;][\/et_pb_image][\/et_pb_column][et_pb_column type=&#8221;1_5&#8243; _builder_version=&#8221;4.27.4&#8243; _module_preset=&#8221;default&#8221; global_colors_info=&#8221;{}&#8221;][et_pb_image src=&#8221;http:\/\/www.ffxoffice.com.br\/wp-content\/uploads\/2023\/04\/2.png&#8221; title_text=&#8221;2&#8243; _builder_version=&#8221;4.27.4&#8243; _module_preset=&#8221;default&#8221; filter_saturate=&#8221;0%&#8221; global_colors_info=&#8221;{}&#8221;][\/et_pb_image][\/et_pb_column][et_pb_column type=&#8221;1_5&#8243; _builder_version=&#8221;4.27.4&#8243; _module_preset=&#8221;default&#8221; global_colors_info=&#8221;{}&#8221;][et_pb_image src=&#8221;http:\/\/www.ffxoffice.com.br\/wp-content\/uploads\/2023\/04\/6.png&#8221; title_text=&#8221;6&#8243; _builder_version=&#8221;4.27.4&#8243; _module_preset=&#8221;default&#8221; width=&#8221;130%&#8221; filter_saturate=&#8221;0%&#8221; global_colors_info=&#8221;{}&#8221;][\/et_pb_image][\/et_pb_column][\/et_pb_row][et_pb_row _builder_version=&#8221;4.27.4&#8243; _module_preset=&#8221;default&#8221; global_colors_info=&#8221;{}&#8221;][et_pb_column type=&#8221;4_4&#8243; _builder_version=&#8221;4.27.4&#8243; _module_preset=&#8221;default&#8221; global_colors_info=&#8221;{}&#8221;][\/et_pb_column][\/et_pb_row][\/et_pb_section]<\/p>","protected":false},"excerpt":{"rendered":"<p>suas IDEIAS em PRODUTOS FINANCEIROS Especialistas no desenvolvimento de solu\u00e7\u00f5es financeiras nacionais e internacionais, com tecnologia. Saiba mais &#8220;Acredito na inova\u00e7\u00e3o financeira como motor do crescimento sustent\u00e1vel. Nosso papel \u00e9 habilitar fintechs a navegarem com seguran\u00e7a e efici\u00eancia pelas regulamenta\u00e7\u00f5es brasileiras, transformando desafios em oportunidades reais.&#8221; Gustavo Dias CEO Gustavo Dias CEO &#8220;Acredito na&#8230;<\/p>","protected":false},"author":1,"featured_media":0,"parent":0,"menu_order":0,"comment_status":"closed","ping_status":"closed","template":"","meta":{"_et_pb_use_builder":"on","_et_pb_old_content":"","_et_gb_content_width":"","footnotes":""},"class_list":["post-1503","page","type-page","status-publish","hentry"],"yoast_head":"<!-- This site is optimized with the Yoast SEO plugin v27.4 - https:\/\/yoast.com\/product\/yoast-seo-wordpress\/ -->\n<title>Home - FFX Office<\/title>\n<meta name=\"robots\" content=\"index, follow, max-snippet:-1, max-image-preview:large, max-video-preview:-1\" \/>\n<link rel=\"canonical\" href=\"https:\/\/www.ffxoffice.com.br\/en\/\" \/>\n<meta property=\"og:locale\" content=\"en_US\" \/>\n<meta property=\"og:type\" content=\"article\" \/>\n<meta property=\"og:title\" content=\"Home - FFX Office\" \/>\n<meta property=\"og:description\" content=\"suas IDEIAS em PRODUTOS FINANCEIROS Especialistas no desenvolvimento de solu\u00e7\u00f5es financeiras nacionais e internacionais, com tecnologia. Saiba mais &#8220;Acredito na inova\u00e7\u00e3o financeira como motor do crescimento sustent\u00e1vel. Nosso papel \u00e9 habilitar fintechs a navegarem com seguran\u00e7a e efici\u00eancia pelas regulamenta\u00e7\u00f5es brasileiras, transformando desafios em oportunidades reais.&#8221; Gustavo Dias CEO Gustavo Dias CEO &#8220;Acredito na...\" \/>\n<meta property=\"og:url\" content=\"https:\/\/www.ffxoffice.com.br\/en\/\" \/>\n<meta property=\"og:site_name\" content=\"FFX Office\" \/>\n<meta property=\"article:publisher\" content=\"https:\/\/www.facebook.com\/ffxoffice\/\" \/>\n<meta property=\"article:modified_time\" content=\"2025-06-17T15:08:15+00:00\" \/>\n<meta name=\"twitter:card\" content=\"summary_large_image\" \/>\n<meta name=\"twitter:label1\" content=\"Est. reading time\" \/>\n\t<meta name=\"twitter:data1\" content=\"3 minutes\" \/>\n<script type=\"application\/ld+json\" class=\"yoast-schema-graph\">{\"@context\":\"https:\\\/\\\/schema.org\",\"@graph\":[{\"@type\":\"WebPage\",\"@id\":\"https:\\\/\\\/www.ffxoffice.com.br\\\/\",\"url\":\"https:\\\/\\\/www.ffxoffice.com.br\\\/\",\"name\":\"Home - FFX Office\",\"isPartOf\":{\"@id\":\"https:\\\/\\\/www.ffxoffice.com.br\\\/#website\"},\"datePublished\":\"2025-06-04T14:16:30+00:00\",\"dateModified\":\"2025-06-17T15:08:15+00:00\",\"breadcrumb\":{\"@id\":\"https:\\\/\\\/www.ffxoffice.com.br\\\/#breadcrumb\"},\"inLanguage\":\"en-US\",\"potentialAction\":[{\"@type\":\"ReadAction\",\"target\":[\"https:\\\/\\\/www.ffxoffice.com.br\\\/\"]}]},{\"@type\":\"BreadcrumbList\",\"@id\":\"https:\\\/\\\/www.ffxoffice.com.br\\\/#breadcrumb\",\"itemListElement\":[{\"@type\":\"ListItem\",\"position\":1,\"name\":\"In\u00edcio\",\"item\":\"https:\\\/\\\/www.ffxoffice.com.br\\\/\"},{\"@type\":\"ListItem\",\"position\":2,\"name\":\"Home\"}]},{\"@type\":\"WebSite\",\"@id\":\"https:\\\/\\\/www.ffxoffice.com.br\\\/#website\",\"url\":\"https:\\\/\\\/www.ffxoffice.com.br\\\/\",\"name\":\"FFX Office\",\"description\":\"\",\"publisher\":{\"@id\":\"https:\\\/\\\/www.ffxoffice.com.br\\\/#organization\"},\"potentialAction\":[{\"@type\":\"SearchAction\",\"target\":{\"@type\":\"EntryPoint\",\"urlTemplate\":\"https:\\\/\\\/www.ffxoffice.com.br\\\/?s={search_term_string}\"},\"query-input\":{\"@type\":\"PropertyValueSpecification\",\"valueRequired\":true,\"valueName\":\"search_term_string\"}}],\"inLanguage\":\"en-US\"},{\"@type\":\"Organization\",\"@id\":\"https:\\\/\\\/www.ffxoffice.com.br\\\/#organization\",\"name\":\"FFX Office\",\"url\":\"https:\\\/\\\/www.ffxoffice.com.br\\\/\",\"logo\":{\"@type\":\"ImageObject\",\"inLanguage\":\"en-US\",\"@id\":\"https:\\\/\\\/www.ffxoffice.com.br\\\/#\\\/schema\\\/logo\\\/image\\\/\",\"url\":\"https:\\\/\\\/www.ffxoffice.com.br\\\/wp-content\\\/uploads\\\/2022\\\/09\\\/cropped-logo-1-1.png\",\"contentUrl\":\"https:\\\/\\\/www.ffxoffice.com.br\\\/wp-content\\\/uploads\\\/2022\\\/09\\\/cropped-logo-1-1.png\",\"width\":100,\"height\":41,\"caption\":\"FFX Office\"},\"image\":{\"@id\":\"https:\\\/\\\/www.ffxoffice.com.br\\\/#\\\/schema\\\/logo\\\/image\\\/\"},\"sameAs\":[\"https:\\\/\\\/www.facebook.com\\\/ffxoffice\\\/\",\"https:\\\/\\\/www.instagram.com\\\/ffxoffice\\\/\",\"https:\\\/\\\/www.linkedin.com\\\/company\\\/ffxoffice\\\/\"]}]}<\/script>\n<!-- \/ Yoast SEO plugin. -->","yoast_head_json":{"title":"Home - FFX Office","robots":{"index":"index","follow":"follow","max-snippet":"max-snippet:-1","max-image-preview":"max-image-preview:large","max-video-preview":"max-video-preview:-1"},"canonical":"https:\/\/www.ffxoffice.com.br\/en\/","og_locale":"en_US","og_type":"article","og_title":"Home - FFX Office","og_description":"suas IDEIAS em PRODUTOS FINANCEIROS Especialistas no desenvolvimento de solu\u00e7\u00f5es financeiras nacionais e internacionais, com tecnologia. Saiba mais &#8220;Acredito na inova\u00e7\u00e3o financeira como motor do crescimento sustent\u00e1vel. Nosso papel \u00e9 habilitar fintechs a navegarem com seguran\u00e7a e efici\u00eancia pelas regulamenta\u00e7\u00f5es brasileiras, transformando desafios em oportunidades reais.&#8221; Gustavo Dias CEO Gustavo Dias CEO &#8220;Acredito na...","og_url":"https:\/\/www.ffxoffice.com.br\/en\/","og_site_name":"FFX Office","article_publisher":"https:\/\/www.facebook.com\/ffxoffice\/","article_modified_time":"2025-06-17T15:08:15+00:00","twitter_card":"summary_large_image","twitter_misc":{"Est. reading time":"3 minutes"},"schema":{"@context":"https:\/\/schema.org","@graph":[{"@type":"WebPage","@id":"https:\/\/www.ffxoffice.com.br\/","url":"https:\/\/www.ffxoffice.com.br\/","name":"Home - FFX Office","isPartOf":{"@id":"https:\/\/www.ffxoffice.com.br\/#website"},"datePublished":"2025-06-04T14:16:30+00:00","dateModified":"2025-06-17T15:08:15+00:00","breadcrumb":{"@id":"https:\/\/www.ffxoffice.com.br\/#breadcrumb"},"inLanguage":"en-US","potentialAction":[{"@type":"ReadAction","target":["https:\/\/www.ffxoffice.com.br\/"]}]},{"@type":"BreadcrumbList","@id":"https:\/\/www.ffxoffice.com.br\/#breadcrumb","itemListElement":[{"@type":"ListItem","position":1,"name":"In\u00edcio","item":"https:\/\/www.ffxoffice.com.br\/"},{"@type":"ListItem","position":2,"name":"Home"}]},{"@type":"WebSite","@id":"https:\/\/www.ffxoffice.com.br\/#website","url":"https:\/\/www.ffxoffice.com.br\/","name":"FFX Office","description":"","publisher":{"@id":"https:\/\/www.ffxoffice.com.br\/#organization"},"potentialAction":[{"@type":"SearchAction","target":{"@type":"EntryPoint","urlTemplate":"https:\/\/www.ffxoffice.com.br\/?s={search_term_string}"},"query-input":{"@type":"PropertyValueSpecification","valueRequired":true,"valueName":"search_term_string"}}],"inLanguage":"en-US"},{"@type":"Organization","@id":"https:\/\/www.ffxoffice.com.br\/#organization","name":"FFX Office","url":"https:\/\/www.ffxoffice.com.br\/","logo":{"@type":"ImageObject","inLanguage":"en-US","@id":"https:\/\/www.ffxoffice.com.br\/#\/schema\/logo\/image\/","url":"https:\/\/www.ffxoffice.com.br\/wp-content\/uploads\/2022\/09\/cropped-logo-1-1.png","contentUrl":"https:\/\/www.ffxoffice.com.br\/wp-content\/uploads\/2022\/09\/cropped-logo-1-1.png","width":100,"height":41,"caption":"FFX Office"},"image":{"@id":"https:\/\/www.ffxoffice.com.br\/#\/schema\/logo\/image\/"},"sameAs":["https:\/\/www.facebook.com\/ffxoffice\/","https:\/\/www.instagram.com\/ffxoffice\/","https:\/\/www.linkedin.com\/company\/ffxoffice\/"]}]}},"_links":{"self":[{"href":"https:\/\/www.ffxoffice.com.br\/en\/wp-json\/wp\/v2\/pages\/1503","targetHints":{"allow":["GET"]}}],"collection":[{"href":"https:\/\/www.ffxoffice.com.br\/en\/wp-json\/wp\/v2\/pages"}],"about":[{"href":"https:\/\/www.ffxoffice.com.br\/en\/wp-json\/wp\/v2\/types\/page"}],"author":[{"embeddable":true,"href":"https:\/\/www.ffxoffice.com.br\/en\/wp-json\/wp\/v2\/users\/1"}],"replies":[{"embeddable":true,"href":"https:\/\/www.ffxoffice.com.br\/en\/wp-json\/wp\/v2\/comments?post=1503"}],"version-history":[{"count":34,"href":"https:\/\/www.ffxoffice.com.br\/en\/wp-json\/wp\/v2\/pages\/1503\/revisions"}],"predecessor-version":[{"id":1666,"href":"https:\/\/www.ffxoffice.com.br\/en\/wp-json\/wp\/v2\/pages\/1503\/revisions\/1666"}],"wp:attachment":[{"href":"https:\/\/www.ffxoffice.com.br\/en\/wp-json\/wp\/v2\/media?parent=1503"}],"curies":[{"name":"wp","href":"https:\/\/api.w.org\/{rel}","templated":true}]}}